{"id":7,"date":"2019-10-17T19:11:50","date_gmt":"2019-10-17T19:11:50","guid":{"rendered":"https:\/\/368dev.com\/CLKC\/race\/?page_id=7"},"modified":"2019-11-29T02:21:18","modified_gmt":"2019-11-29T02:21:18","slug":"home","status":"publish","type":"page","link":"https:\/\/www.mecaniqueairtemp.com\/fr\/","title":{"rendered":"Home"},"content":{"rendered":"<div id=\"pl-7\"  class=\"panel-layout\" ><div id=\"pg-7-0\"  class=\"panel-grid panel-no-style\" ><div id=\"pgc-7-0-0\"  class=\"panel-grid-cell\" ><div id=\"panel-7-0-0-0\" class=\"so-panel widget widget_text panel-first-child\" data-index=\"0\" >\t\t\t<div class=\"textwidget\"><p><strong>Chez M\u00e9canique Air-Temp Inc.<\/strong>, nous comprenons qu&#8217;une efficacit\u00e9 \u00e9lev\u00e9e et performance maximale sont des \u00e9l\u00e9ments cl\u00e9s du succ\u00e8s global de votre entreprise. <\/p>\n<p>Gr\u00e2ce \u00e0 un service de qualit\u00e9 et \u00e0 des techniques sp\u00e9cifiques de r\u00e9duction des co\u00fbts, M\u00e9canique Air-Temp Inc. maintiendra vos syst\u00e8mes CVACR en parfait \u00e9tat \u00e0 des prix comp\u00e9titifs. <\/p>\n<\/div>\n\t\t<\/div><div id=\"panel-7-0-0-1\" class=\"so-panel widget widget_sow-accordion panel-last-child\" data-index=\"1\" ><div class=\"so-widget-sow-accordion so-widget-sow-accordion-default-99be652ed941-7\"><div>\n\t<div class=\"sow-accordion\">\n\t\t\t<div class=\"sow-accordion-panel\"\n\t\t\t data-anchor=\"cvac\">\n\t\t\t\t<div class=\"sow-accordion-panel-header-container\" role=\"heading\" aria-level=\"2\">\n\t\t\t\t\t<div class=\"sow-accordion-panel-header\" tabindex=\"0\" role=\"button\" id=\"accordion-label-cvac\" aria-controls=\"accordion-content-cvac\" aria-expanded=\"false\">\n\t\t\t\t\t\t<div class=\"sow-accordion-title sow-accordion-title-icon-left\">\n\t\t\t\t\t\t\t\t\t\t\t\t\t\tCVAC\t\t\t\t\t\t\t\t\t\t\t\t\t<\/div>\n\t\t\t\t\t\t<div class=\"sow-accordion-open-close-button\">\n\t\t\t\t\t\t\t<div class=\"sow-accordion-open-button\">\n\t\t\t\t\t\t\t\t<span class=\"sow-icon-ionicons\" data-sow-icon=\"&#xf218;\"\n\t\t ><\/span>\t\t\t\t\t\t\t<\/div>\n\t\t\t\t\t\t\t<div class=\"sow-accordion-close-button\">\n\t\t\t\t\t\t\t\t<span class=\"sow-icon-ionicons\" data-sow-icon=\"&#xf209;\"\n\t\t ><\/span>\t\t\t\t\t\t\t<\/div>\n\t\t\t\t\t\t<\/div>\n\t\t\t\t\t<\/div>\n\t\t\t\t<\/div>\n\n\t\t\t<div\n\t\t\t\tclass=\"sow-accordion-panel-content\"\n\t\t\t\trole=\"region\"\n\t\t\t\taria-labelledby=\"accordion-label-cvac\"\n\t\t\t\tid=\"accordion-content-cvac\"\n\t\t\t\tstyle=\"display: none;\"\t\t\t>\n\t\t\t\t<div class=\"sow-accordion-panel-border\" tabindex=\"0\">\n\t\t\t\t\tLes services d\u2019entretien que nous fournissons sont sp\u00e9cifiquement con\u00e7us pour prolonger la dur\u00e9e de vie de vos \u00e9quipements et vous faire \u00e9conomiser de l'argent \u00e0 long terme. Lorsque vous rencontrez des pannes d'\u00e9quipement, votre technicien d\u00e9di\u00e9 de M\u00e9canique Air-Temp effectuera rapidement les r\u00e9parations n\u00e9cessaires sur site, suite \u00e0 votre approbation.\t\t\t\t<\/div>\n\t\t\t<\/div>\n\t\t<\/div>\n\t\t\t<div class=\"sow-accordion-panel\"\n\t\t\t data-anchor=\"r%c3%a9frig%c3%a9ration-commerciale\">\n\t\t\t\t<div class=\"sow-accordion-panel-header-container\" role=\"heading\" aria-level=\"2\">\n\t\t\t\t\t<div class=\"sow-accordion-panel-header\" tabindex=\"0\" role=\"button\" id=\"accordion-label-r%c3%a9frig%c3%a9ration-commerciale\" aria-controls=\"accordion-content-r%c3%a9frig%c3%a9ration-commerciale\" aria-expanded=\"false\">\n\t\t\t\t\t\t<div class=\"sow-accordion-title sow-accordion-title-icon-left\">\n\t\t\t\t\t\t\t\t\t\t\t\t\t\tR\u00c9FRIG\u00c9RATION COMMERCIALE\t\t\t\t\t\t\t\t\t\t\t\t\t<\/div>\n\t\t\t\t\t\t<div class=\"sow-accordion-open-close-button\">\n\t\t\t\t\t\t\t<div class=\"sow-accordion-open-button\">\n\t\t\t\t\t\t\t\t<span class=\"sow-icon-ionicons\" data-sow-icon=\"&#xf218;\"\n\t\t ><\/span>\t\t\t\t\t\t\t<\/div>\n\t\t\t\t\t\t\t<div class=\"sow-accordion-close-button\">\n\t\t\t\t\t\t\t\t<span class=\"sow-icon-ionicons\" data-sow-icon=\"&#xf209;\"\n\t\t ><\/span>\t\t\t\t\t\t\t<\/div>\n\t\t\t\t\t\t<\/div>\n\t\t\t\t\t<\/div>\n\t\t\t\t<\/div>\n\n\t\t\t<div\n\t\t\t\tclass=\"sow-accordion-panel-content\"\n\t\t\t\trole=\"region\"\n\t\t\t\taria-labelledby=\"accordion-label-r%c3%a9frig%c3%a9ration-commerciale\"\n\t\t\t\tid=\"accordion-content-r%c3%a9frig%c3%a9ration-commerciale\"\n\t\t\t\tstyle=\"display: none;\"\t\t\t>\n\t\t\t\t<div class=\"sow-accordion-panel-border\" tabindex=\"0\">\n\t\t\t\t\tM\u00e9canique Air-Temp Inc. est sp\u00e9cialis\u00e9e dans les services d'installation, de r\u00e9paration et de maintenance d'\u00e9quipements de r\u00e9frig\u00e9ration utilis\u00e9s dans de nombreux types d'entreprises, tels que les supermarch\u00e9s, les p\u00e2tisseries, les boucheries, les d\u00e9panneurs, les entrep\u00f4ts frigorifiques, etc.\n\nNos techniciens sont form\u00e9s pour d\u00e9panner et r\u00e9parer tout probl\u00e8me susceptible de survenir avec votre \u00e9quipement, ainsi que pour effectuer les entretiens de routine assurant des performances optimales.\n\t\t\t\t<\/div>\n\t\t\t<\/div>\n\t\t<\/div>\n\t\t<\/div>\n<\/div>\n<\/div><\/div><\/div><div id=\"pgc-7-0-1\"  class=\"panel-grid-cell\" ><div id=\"panel-7-0-1-0\" class=\"so-panel widget widget_media_image panel-first-child panel-last-child\" data-index=\"2\" ><img width=\"400\" height=\"442\" src=\"https:\/\/www.mecaniqueairtemp.com\/fr\/wp-content\/uploads\/2019\/10\/accueil_image_001fr.jpg\" class=\"image wp-image-216  attachment-full size-full\" alt=\"\" loading=\"lazy\" style=\"max-width: 100%; height: auto;\" srcset=\"https:\/\/www.mecaniqueairtemp.com\/fr\/wp-content\/uploads\/2019\/10\/accueil_image_001fr.jpg 400w, https:\/\/www.mecaniqueairtemp.com\/fr\/wp-content\/uploads\/2019\/10\/accueil_image_001fr-271x300.jpg 271w\" sizes=\"(max-width: 400px) 100vw, 400px\" \/><\/div><\/div><\/div><\/div>","protected":false},"excerpt":{"rendered":"<p>Chez M\u00e9canique Air-Temp Inc., nous comprenons qu&#8217;une efficacit\u00e9 \u00e9lev\u00e9e et performance maximale sont des \u00e9l\u00e9ments cl\u00e9s du succ\u00e8s global de votre entreprise. Gr\u00e2ce \u00e0 un service de qualit\u00e9 et \u00e0 des techniques sp\u00e9cifiques de r\u00e9duction des co\u00fbts, M\u00e9canique Air-Temp Inc. maintiendra vos syst\u00e8mes CVACR en parfait \u00e9tat \u00e0 des prix comp\u00e9titifs.<\/p>\n","protected":false},"author":1,"featured_media":0,"parent":0,"menu_order":0,"comment_status":"closed","ping_status":"closed","template":"","meta":[],"_links":{"self":[{"href":"https:\/\/www.mecaniqueairtemp.com\/fr\/wp-json\/wp\/v2\/pages\/7"}],"collection":[{"href":"https:\/\/www.mecaniqueairtemp.com\/fr\/wp-json\/wp\/v2\/pages"}],"about":[{"href":"https:\/\/www.mecaniqueairtemp.com\/fr\/wp-json\/wp\/v2\/types\/page"}],"author":[{"embeddable":true,"href":"https:\/\/www.mecaniqueairtemp.com\/fr\/wp-json\/wp\/v2\/users\/1"}],"replies":[{"embeddable":true,"href":"https:\/\/www.mecaniqueairtemp.com\/fr\/wp-json\/wp\/v2\/comments?post=7"}],"version-history":[{"count":10,"href":"https:\/\/www.mecaniqueairtemp.com\/fr\/wp-json\/wp\/v2\/pages\/7\/revisions"}],"predecessor-version":[{"id":222,"href":"https:\/\/www.mecaniqueairtemp.com\/fr\/wp-json\/wp\/v2\/pages\/7\/revisions\/222"}],"wp:attachment":[{"href":"https:\/\/www.mecaniqueairtemp.com\/fr\/wp-json\/wp\/v2\/media?parent=7"}],"curies":[{"name":"wp","href":"https:\/\/api.w.org\/{rel}","templated":true}]}}