{"id":225,"date":"2019-11-29T02:21:51","date_gmt":"2019-11-29T02:21:51","guid":{"rendered":"https:\/\/www.mecaniqueairtemp.com\/fr\/?page_id=225"},"modified":"2023-04-04T16:30:38","modified_gmt":"2023-04-04T16:30:38","slug":"our-team","status":"publish","type":"page","link":"https:\/\/www.mecaniqueairtemp.com\/fr\/our-team\/","title":{"rendered":"Our Team"},"content":{"rendered":"<div id=\"pl-225\"  class=\"panel-layout\" ><div id=\"pg-225-0\"  class=\"panel-grid panel-no-style\" ><div id=\"pgc-225-0-0\"  class=\"panel-grid-cell\" ><div id=\"panel-225-0-0-0\" class=\"so-panel widget widget_media_image panel-first-child\" data-index=\"0\" ><div class=\"teamimage panel-widget-style panel-widget-style-for-225-0-0-0\" ><img width=\"213\" height=\"213\" src=\"https:\/\/www.mecaniqueairtemp.com\/fr\/wp-content\/uploads\/2023\/04\/harry.jpg\" class=\"image wp-image-242  attachment-full size-full\" alt=\"\" loading=\"lazy\" style=\"max-width: 100%; height: auto;\" srcset=\"https:\/\/www.mecaniqueairtemp.com\/fr\/wp-content\/uploads\/2023\/04\/harry.jpg 213w, https:\/\/www.mecaniqueairtemp.com\/fr\/wp-content\/uploads\/2023\/04\/harry-150x150.jpg 150w\" sizes=\"(max-width: 213px) 100vw, 213px\" \/><\/div><\/div><div id=\"panel-225-0-0-1\" class=\"widget_text so-panel widget widget_custom_html panel-last-child\" data-index=\"1\" ><div class=\"textwidget custom-html-widget\"><div class=\"teamdetails\">\n\t<p>\n\t\tHarry Rezendes \n\t<\/p>\n<span class=\"redteam\">Directeur, Qu\u00e9bec & Maritimes<\/span>\n\t<p>\n\t<a href=\"mailto:Harry.rezendes@mecaniqueairtemp.com\">Harry.rezendes@mecaniqueairtemp.com<\/a>\n\t<\/p>\t\n<\/div><\/div><\/div><\/div><div id=\"pgc-225-0-1\"  class=\"panel-grid-cell\" ><div id=\"panel-225-0-1-0\" class=\"so-panel widget widget_media_image panel-first-child\" data-index=\"2\" ><div class=\"teamimage panel-widget-style panel-widget-style-for-225-0-1-0\" ><img width=\"213\" height=\"213\" src=\"https:\/\/www.mecaniqueairtemp.com\/fr\/wp-content\/uploads\/2023\/04\/Lucie.jpg\" class=\"image wp-image-243  attachment-full size-full\" alt=\"\" loading=\"lazy\" style=\"max-width: 100%; height: auto;\" srcset=\"https:\/\/www.mecaniqueairtemp.com\/fr\/wp-content\/uploads\/2023\/04\/Lucie.jpg 213w, https:\/\/www.mecaniqueairtemp.com\/fr\/wp-content\/uploads\/2023\/04\/Lucie-150x150.jpg 150w\" sizes=\"(max-width: 213px) 100vw, 213px\" \/><\/div><\/div><div id=\"panel-225-0-1-1\" class=\"widget_text so-panel widget widget_custom_html panel-last-child\" data-index=\"3\" ><div class=\"textwidget custom-html-widget\"><div class=\"teamdetails\">\n\t<p>\n\t\tLucie Valade \n\t<\/p>\n<span class=\"redteam\">Service \u00e0 la client\u00e8le  & facturation<\/span>\n\t<p>\n\t<a href=\"mailto:Lucie.valade@mecaniqueairtemp.com\">Lucie.valade@mecaniqueairtemp.com<\/a>\n\t<\/p>\t\n<\/div><\/div><\/div><\/div><div id=\"pgc-225-0-2\"  class=\"panel-grid-cell\" ><div id=\"panel-225-0-2-0\" class=\"so-panel widget widget_media_image panel-first-child\" data-index=\"4\" ><div class=\"teamimage panel-widget-style panel-widget-style-for-225-0-2-0\" ><img width=\"213\" height=\"213\" src=\"https:\/\/www.mecaniqueairtemp.com\/fr\/wp-content\/uploads\/2023\/04\/Nancy.jpg\" class=\"image wp-image-244  attachment-full size-full\" alt=\"\" loading=\"lazy\" style=\"max-width: 100%; height: auto;\" srcset=\"https:\/\/www.mecaniqueairtemp.com\/fr\/wp-content\/uploads\/2023\/04\/Nancy.jpg 213w, https:\/\/www.mecaniqueairtemp.com\/fr\/wp-content\/uploads\/2023\/04\/Nancy-150x150.jpg 150w\" sizes=\"(max-width: 213px) 100vw, 213px\" \/><\/div><\/div><div id=\"panel-225-0-2-1\" class=\"widget_text so-panel widget widget_custom_html panel-last-child\" data-index=\"5\" ><div class=\"textwidget custom-html-widget\"><div class=\"teamdetails\">\n\t<p>\n\tNancy Alves\n\t<\/p>\n<span class=\"redteam\">Administratrice de bureau et comptabilit\u00e9<\/span>\n\t<p>\n\t<a href=\"mailto:Nancy.alves@mecaniqueairtemp.com\">Nancy.alves@mecaniqueairtemp.com<\/a>\n\t<\/p>\t\n<\/div><\/div><\/div><\/div><\/div><\/div>","protected":false},"excerpt":{"rendered":"<p>Harry Rezendes Directeur, Qu\u00e9bec &#038; Maritimes Harry.rezendes@mecaniqueairtemp.com Lucie Valade Service \u00e0 la client\u00e8le &#038; facturation Lucie.valade@mecaniqueairtemp.com Nancy Alves Administratrice de bureau et comptabilit\u00e9 Nancy.alves@mecaniqueairtemp.com<\/p>\n","protected":false},"author":1,"featured_media":0,"parent":0,"menu_order":0,"comment_status":"closed","ping_status":"closed","template":"","meta":[],"_links":{"self":[{"href":"https:\/\/www.mecaniqueairtemp.com\/fr\/wp-json\/wp\/v2\/pages\/225"}],"collection":[{"href":"https:\/\/www.mecaniqueairtemp.com\/fr\/wp-json\/wp\/v2\/pages"}],"about":[{"href":"https:\/\/www.mecaniqueairtemp.com\/fr\/wp-json\/wp\/v2\/types\/page"}],"author":[{"embeddable":true,"href":"https:\/\/www.mecaniqueairtemp.com\/fr\/wp-json\/wp\/v2\/users\/1"}],"replies":[{"embeddable":true,"href":"https:\/\/www.mecaniqueairtemp.com\/fr\/wp-json\/wp\/v2\/comments?post=225"}],"version-history":[{"count":6,"href":"https:\/\/www.mecaniqueairtemp.com\/fr\/wp-json\/wp\/v2\/pages\/225\/revisions"}],"predecessor-version":[{"id":246,"href":"https:\/\/www.mecaniqueairtemp.com\/fr\/wp-json\/wp\/v2\/pages\/225\/revisions\/246"}],"wp:attachment":[{"href":"https:\/\/www.mecaniqueairtemp.com\/fr\/wp-json\/wp\/v2\/media?parent=225"}],"curies":[{"name":"wp","href":"https:\/\/api.w.org\/{rel}","templated":true}]}}