{"id":223,"date":"2019-11-29T02:21:41","date_gmt":"2019-11-29T02:21:41","guid":{"rendered":"https:\/\/www.mecaniqueairtemp.com\/fr\/?page_id=223"},"modified":"2019-11-29T02:24:15","modified_gmt":"2019-11-29T02:24:15","slug":"services","status":"publish","type":"page","link":"https:\/\/www.mecaniqueairtemp.com\/fr\/services\/","title":{"rendered":"Services"},"content":{"rendered":"<div id=\"pl-223\"  class=\"panel-layout\" ><div id=\"pg-223-0\"  class=\"panel-grid panel-no-style\" ><div id=\"pgc-223-0-0\"  class=\"panel-grid-cell\" ><div id=\"panel-223-0-0-0\" class=\"so-panel widget widget_text panel-first-child panel-last-child\" data-index=\"0\" >\t\t\t<div class=\"textwidget\"><p><strong>Chez M\u00e9canique Air-Temp Inc.<\/strong>, nous comprenons qu&#8217;une efficacit\u00e9 \u00e9lev\u00e9e et performance maximale sont des \u00e9l\u00e9ments cl\u00e9s du succ\u00e8s global de votre entreprise. Gr\u00e2ce \u00e0 un service de qualit\u00e9 et \u00e0 des techniques sp\u00e9cifiques de r\u00e9duction des co\u00fbts, M\u00e9canique Air-Temp Inc. maintiendra vos syst\u00e8mes CVACR en parfait \u00e9tat \u00e0 des prix comp\u00e9titifs.<\/p>\n<p>Les services d\u2019entretien que nous fournissons sont sp\u00e9cifiquement con\u00e7us pour prolonger la dur\u00e9e de vie de vos \u00e9quipements et vous faire \u00e9conomiser de l&#8217;argent \u00e0 long terme. Lorsque vous rencontrez des pannes d&#8217;\u00e9quipement, votre technicien d\u00e9di\u00e9 \u00a0de M\u00e9canique Air-Temp Inc. effectuera rapidement les r\u00e9parations n\u00e9cessaires sur le site suite \u00e0 votre approbation.<\/p>\n<p>Quels que soient vos besoins en CVACR, M\u00e9canique Air-Temp Inc. s&#8217;engage \u00e0 vous fournir les services dont vous avez besoin afin\u00a0 vos op\u00e9rations se d\u00e9roulent sans soucis.<\/p>\n<\/div>\n\t\t<\/div><\/div><div id=\"pgc-223-0-1\"  class=\"panel-grid-cell\" ><div id=\"panel-223-0-1-0\" class=\"widget_text so-panel widget widget_custom_html panel-first-child panel-last-child\" data-index=\"1\" ><div class=\"textwidget custom-html-widget\"><div class=\"serviceright\">\n\t<h1>\n\t\tCVACR\n\t<\/h1>\n\t<ul>\n<li>Disponibilit\u00e9 24 heures sur 24, 7 jours sur 7, 365 jours par ann\u00e9e pour les r\u00e9parations urgentes<\/li>\n<li>entretiens de routines pr\u00e9ventifs<\/li>\n<li>Des solutions compl\u00e8tes et adapt\u00e9es \u00e0 vos besoins<\/li>\n<li>Techniciens certifi\u00e9s par Commission de la Construction du Qu\u00e9bec (CCQ)<\/li>\n<li>\u00c9valuations et mise \u00e0 jour des \u00e9quipements existants\t<\/li>\n\t<\/ul>\n<\/div><\/div><\/div><\/div><\/div><\/div>","protected":false},"excerpt":{"rendered":"<p>Chez M\u00e9canique Air-Temp Inc., nous comprenons qu&#8217;une efficacit\u00e9 \u00e9lev\u00e9e et performance maximale sont des \u00e9l\u00e9ments cl\u00e9s du succ\u00e8s global de votre entreprise. Gr\u00e2ce \u00e0 un service de qualit\u00e9 et \u00e0 des techniques sp\u00e9cifiques de r\u00e9duction des co\u00fbts, M\u00e9canique Air-Temp Inc. maintiendra vos syst\u00e8mes CVACR en parfait \u00e9tat \u00e0 des prix comp\u00e9titifs. Les services d\u2019entretien que [&hellip;]<\/p>\n","protected":false},"author":1,"featured_media":0,"parent":0,"menu_order":0,"comment_status":"closed","ping_status":"closed","template":"","meta":[],"_links":{"self":[{"href":"https:\/\/www.mecaniqueairtemp.com\/fr\/wp-json\/wp\/v2\/pages\/223"}],"collection":[{"href":"https:\/\/www.mecaniqueairtemp.com\/fr\/wp-json\/wp\/v2\/pages"}],"about":[{"href":"https:\/\/www.mecaniqueairtemp.com\/fr\/wp-json\/wp\/v2\/types\/page"}],"author":[{"embeddable":true,"href":"https:\/\/www.mecaniqueairtemp.com\/fr\/wp-json\/wp\/v2\/users\/1"}],"replies":[{"embeddable":true,"href":"https:\/\/www.mecaniqueairtemp.com\/fr\/wp-json\/wp\/v2\/comments?post=223"}],"version-history":[{"count":4,"href":"https:\/\/www.mecaniqueairtemp.com\/fr\/wp-json\/wp\/v2\/pages\/223\/revisions"}],"predecessor-version":[{"id":232,"href":"https:\/\/www.mecaniqueairtemp.com\/fr\/wp-json\/wp\/v2\/pages\/223\/revisions\/232"}],"wp:attachment":[{"href":"https:\/\/www.mecaniqueairtemp.com\/fr\/wp-json\/wp\/v2\/media?parent=223"}],"curies":[{"name":"wp","href":"https:\/\/api.w.org\/{rel}","templated":true}]}}